{"id":2475,"date":"2022-02-11T12:08:00","date_gmt":"2022-02-11T12:08:00","guid":{"rendered":"https:\/\/k20-projekthaus.de\/?page_id=2475"},"modified":"2025-01-22T16:52:18","modified_gmt":"2025-01-22T16:52:18","slug":"impressum","status":"publish","type":"page","link":"https:\/\/k20-projekthaus.de\/en\/impressum\/","title":{"rendered":"Impressum"},"content":{"rendered":"<!--themify_builder_content-->\n<div id=\"themify_builder_content-2475\" data-postid=\"2475\" class=\"themify_builder_content themify_builder_content-2475 themify_builder tf_clear\">\n    \t<!-- module_row -->\n\t<div  data-lazy=\"1\" class=\"module_row themify_builder_row tb_gatd773 tb_first tf_clearfix\">\n\t    \t\t<div class=\"row_inner col_align_top col-count-1 tf_box tf_w tf_rel\">\n\t\t\t<div  data-lazy=\"1\" class=\"module_column tb-column col-full first tb_nl8h774 tf_box\">\n\t\t\t    \t        <div class=\"tb-column-inner tf_box tf_w\">\n\t\t    <!-- module text -->\n<div  class=\"module module-text tb_wh69425\" data-lazy=\"1\">\n        <div  class=\"tb_text_wrap\">\n    <p><strong>Impressum<\/strong><\/p>\n<p>Die bereitgestellten Inhalte und die gesamte Pr\u00e4senz und Verwaltung der Website ist (wie das K20 Projekthaus) ein Freiraum. Unterschiedliche Menschen und Gruppen gestalten die Inhalte dieser Website mit.&nbsp;<br><br>Damit der Informationspflicht nach dem Telemediengesetz nachgekommen wird, \u00fcbernimmt die Rolle des formalen Diensteanbieters: Mika Wichert, <br>c\/o K20 Projekthaus, Knickstra\u00dfe 20, 37574 Einbeck-Salzderhelden, post[at]k20-projekthaus.de, +4955616058996, DE41 2789 3760 1038 8532 00<br><br>Das sagt jedoch genau gar nichts dar\u00fcber aus, dass diese Person etwa mehr zu sagen hat oder f\u00fcr Themenbereiche, Projekte oder Sonstiges zust\u00e4ndig ist bzw. da \u00fcberhaupt reinreden kann.<\/p>    <\/div>\n<\/div>\n<!-- \/module text -->\t        <\/div>\n\t    \t<\/div>\n\t\t    <\/div>\n\t    <!-- \/row_inner -->\n\t<\/div>\n\t<!-- \/module_row -->\n\t<\/div>\n<!--\/themify_builder_content-->","protected":false},"excerpt":{"rendered":"<p>Impressum Die bereitgestellten Inhalte und die gesamte Pr\u00e4senz und Verwaltung der Website ist (wie das K20 Projekthaus) ein Freiraum. Unterschiedliche Menschen und Gruppen gestalten die Inhalte dieser Website mit.&nbsp; Damit der Informationspflicht nach dem Telemediengesetz nachgekommen wird, \u00fcbernimmt die Rolle des formalen Diensteanbieters: Mika Wichert, c\/o K20 Projekthaus, Knickstra\u00dfe 20, 37574 Einbeck-Salzderhelden, post[at]k20-projekthaus.de, +4955616058996, DE41 [&hellip;]<\/p>","protected":false},"author":1,"featured_media":0,"parent":0,"menu_order":0,"comment_status":"closed","ping_status":"closed","template":"","meta":{"footnotes":""},"class_list":["post-2475","page","type-page","status-publish","hentry","has-post-title","has-post-date","has-post-category","has-post-tag","has-post-comment","has-post-author",""],"yoast_head":"<!-- This site is optimized with the Yoast SEO plugin v25.9 - https:\/\/yoast.com\/wordpress\/plugins\/seo\/ -->\n<title>Impressum - K20 Projekthaus<\/title>\n<meta name=\"robots\" content=\"noindex, nofollow\" \/>\n<meta property=\"og:locale\" content=\"en_US\" \/>\n<meta property=\"og:type\" content=\"article\" \/>\n<meta property=\"og:title\" content=\"Impressum - K20 Projekthaus\" \/>\n<meta property=\"og:description\" content=\"Impressum Die bereitgestellten Inhalte und die gesamte Pr\u00e4senz und Verwaltung der Website ist (wie das K20 Projekthaus) ein Freiraum. Unterschiedliche Menschen und Gruppen gestalten die Inhalte dieser Website mit.&nbsp; Damit der Informationspflicht nach dem Telemediengesetz nachgekommen wird, \u00fcbernimmt die Rolle des formalen Diensteanbieters: Mika Wichert, c\/o K20 Projekthaus, Knickstra\u00dfe 20, 37574 Einbeck-Salzderhelden, post[at]k20-projekthaus.de, +4955616058996, DE41 [&hellip;]\" \/>\n<meta property=\"og:url\" content=\"https:\/\/k20-projekthaus.de\/en\/impressum\/\" \/>\n<meta property=\"og:site_name\" content=\"K20 Projekthaus\" \/>\n<meta property=\"article:modified_time\" content=\"2025-01-22T16:52:18+00:00\" \/>\n<meta name=\"twitter:card\" content=\"summary_large_image\" \/>\n<script type=\"application\/ld+json\" class=\"yoast-schema-graph\">{\"@context\":\"https:\/\/schema.org\",\"@graph\":[{\"@type\":\"WebPage\",\"@id\":\"https:\/\/k20-projekthaus.de\/impressum\/\",\"url\":\"https:\/\/k20-projekthaus.de\/impressum\/\",\"name\":\"Impressum - K20 Projekthaus\",\"isPartOf\":{\"@id\":\"https:\/\/k20-projekthaus.de\/#website\"},\"datePublished\":\"2022-02-11T12:08:00+00:00\",\"dateModified\":\"2025-01-22T16:52:18+00:00\",\"breadcrumb\":{\"@id\":\"https:\/\/k20-projekthaus.de\/impressum\/#breadcrumb\"},\"inLanguage\":\"en-US\",\"potentialAction\":[{\"@type\":\"ReadAction\",\"target\":[\"https:\/\/k20-projekthaus.de\/impressum\/\"]}]},{\"@type\":\"BreadcrumbList\",\"@id\":\"https:\/\/k20-projekthaus.de\/impressum\/#breadcrumb\",\"itemListElement\":[{\"@type\":\"ListItem\",\"position\":1,\"name\":\"Startseite\",\"item\":\"https:\/\/k20-projekthaus.de\/\"},{\"@type\":\"ListItem\",\"position\":2,\"name\":\"Impressum\"}]},{\"@type\":\"WebSite\",\"@id\":\"https:\/\/k20-projekthaus.de\/#website\",\"url\":\"https:\/\/k20-projekthaus.de\/\",\"name\":\"K20 Projekthaus\",\"description\":\"\",\"publisher\":{\"@id\":\"https:\/\/k20-projekthaus.de\/#organization\"},\"potentialAction\":[{\"@type\":\"SearchAction\",\"target\":{\"@type\":\"EntryPoint\",\"urlTemplate\":\"https:\/\/k20-projekthaus.de\/?s={search_term_string}\"},\"query-input\":{\"@type\":\"PropertyValueSpecification\",\"valueRequired\":true,\"valueName\":\"search_term_string\"}}],\"inLanguage\":\"en-US\"},{\"@type\":\"Organization\",\"@id\":\"https:\/\/k20-projekthaus.de\/#organization\",\"name\":\"K20 Projekthaus\",\"url\":\"https:\/\/k20-projekthaus.de\/\",\"logo\":{\"@type\":\"ImageObject\",\"inLanguage\":\"en-US\",\"@id\":\"https:\/\/k20-projekthaus.de\/#\/schema\/logo\/image\/\",\"url\":\"http:\/\/k20-projekthaus.de\/wp-content\/uploads\/2021\/01\/cropped-K20-black.png\",\"contentUrl\":\"http:\/\/k20-projekthaus.de\/wp-content\/uploads\/2021\/01\/cropped-K20-black.png\",\"width\":512,\"height\":512,\"caption\":\"K20 Projekthaus\"},\"image\":{\"@id\":\"https:\/\/k20-projekthaus.de\/#\/schema\/logo\/image\/\"}}]}<\/script>\n<!-- \/ Yoast SEO plugin. -->","yoast_head_json":{"title":"Impressum - K20 Projekthaus","robots":{"index":"noindex","follow":"nofollow"},"og_locale":"en_US","og_type":"article","og_title":"Impressum - K20 Projekthaus","og_description":"Impressum Die bereitgestellten Inhalte und die gesamte Pr\u00e4senz und Verwaltung der Website ist (wie das K20 Projekthaus) ein Freiraum. Unterschiedliche Menschen und Gruppen gestalten die Inhalte dieser Website mit.&nbsp; Damit der Informationspflicht nach dem Telemediengesetz nachgekommen wird, \u00fcbernimmt die Rolle des formalen Diensteanbieters: Mika Wichert, c\/o K20 Projekthaus, Knickstra\u00dfe 20, 37574 Einbeck-Salzderhelden, post[at]k20-projekthaus.de, +4955616058996, DE41 [&hellip;]","og_url":"https:\/\/k20-projekthaus.de\/en\/impressum\/","og_site_name":"K20 Projekthaus","article_modified_time":"2025-01-22T16:52:18+00:00","twitter_card":"summary_large_image","schema":{"@context":"https:\/\/schema.org","@graph":[{"@type":"WebPage","@id":"https:\/\/k20-projekthaus.de\/impressum\/","url":"https:\/\/k20-projekthaus.de\/impressum\/","name":"Impressum - K20 Projekthaus","isPartOf":{"@id":"https:\/\/k20-projekthaus.de\/#website"},"datePublished":"2022-02-11T12:08:00+00:00","dateModified":"2025-01-22T16:52:18+00:00","breadcrumb":{"@id":"https:\/\/k20-projekthaus.de\/impressum\/#breadcrumb"},"inLanguage":"en-US","potentialAction":[{"@type":"ReadAction","target":["https:\/\/k20-projekthaus.de\/impressum\/"]}]},{"@type":"BreadcrumbList","@id":"https:\/\/k20-projekthaus.de\/impressum\/#breadcrumb","itemListElement":[{"@type":"ListItem","position":1,"name":"Startseite","item":"https:\/\/k20-projekthaus.de\/"},{"@type":"ListItem","position":2,"name":"Impressum"}]},{"@type":"WebSite","@id":"https:\/\/k20-projekthaus.de\/#website","url":"https:\/\/k20-projekthaus.de\/","name":"K20 Projekthaus","description":"","publisher":{"@id":"https:\/\/k20-projekthaus.de\/#organization"},"potentialAction":[{"@type":"SearchAction","target":{"@type":"EntryPoint","urlTemplate":"https:\/\/k20-projekthaus.de\/?s={search_term_string}"},"query-input":{"@type":"PropertyValueSpecification","valueRequired":true,"valueName":"search_term_string"}}],"inLanguage":"en-US"},{"@type":"Organization","@id":"https:\/\/k20-projekthaus.de\/#organization","name":"K20 Projekthaus","url":"https:\/\/k20-projekthaus.de\/","logo":{"@type":"ImageObject","inLanguage":"en-US","@id":"https:\/\/k20-projekthaus.de\/#\/schema\/logo\/image\/","url":"http:\/\/k20-projekthaus.de\/wp-content\/uploads\/2021\/01\/cropped-K20-black.png","contentUrl":"http:\/\/k20-projekthaus.de\/wp-content\/uploads\/2021\/01\/cropped-K20-black.png","width":512,"height":512,"caption":"K20 Projekthaus"},"image":{"@id":"https:\/\/k20-projekthaus.de\/#\/schema\/logo\/image\/"}}]}},"builder_content":"<p><strong>Impressum<\/strong><\/p> <p>Die bereitgestellten Inhalte und die gesamte Pr\u00e4senz und Verwaltung der Website ist (wie das K20 Projekthaus) ein Freiraum. Unterschiedliche Menschen und Gruppen gestalten die Inhalte dieser Website mit.&nbsp;<br><br>Damit der Informationspflicht nach dem Telemediengesetz nachgekommen wird, \u00fcbernimmt die Rolle des formalen Diensteanbieters: Mika Wichert, <br>c\/o K20 Projekthaus, Knickstra\u00dfe 20, 37574 Einbeck-Salzderhelden, post[at]k20-projekthaus.de, +4955616058996, DE41 2789 3760 1038 8532 00<br><br>Das sagt jedoch genau gar nichts dar\u00fcber aus, dass diese Person etwa mehr zu sagen hat oder f\u00fcr Themenbereiche, Projekte oder Sonstiges zust\u00e4ndig ist bzw. da \u00fcberhaupt reinreden kann.<\/p>","_links":{"self":[{"href":"https:\/\/k20-projekthaus.de\/en\/wp-json\/wp\/v2\/pages\/2475","targetHints":{"allow":["GET"]}}],"collection":[{"href":"https:\/\/k20-projekthaus.de\/en\/wp-json\/wp\/v2\/pages"}],"about":[{"href":"https:\/\/k20-projekthaus.de\/en\/wp-json\/wp\/v2\/types\/page"}],"author":[{"embeddable":true,"href":"https:\/\/k20-projekthaus.de\/en\/wp-json\/wp\/v2\/users\/1"}],"replies":[{"embeddable":true,"href":"https:\/\/k20-projekthaus.de\/en\/wp-json\/wp\/v2\/comments?post=2475"}],"version-history":[{"count":11,"href":"https:\/\/k20-projekthaus.de\/en\/wp-json\/wp\/v2\/pages\/2475\/revisions"}],"predecessor-version":[{"id":2583,"href":"https:\/\/k20-projekthaus.de\/en\/wp-json\/wp\/v2\/pages\/2475\/revisions\/2583"}],"wp:attachment":[{"href":"https:\/\/k20-projekthaus.de\/en\/wp-json\/wp\/v2\/media?parent=2475"}],"curies":[{"name":"wp","href":"https:\/\/api.w.org\/{rel}","templated":true}]}}